{"id":866,"date":"2020-03-30T18:36:21","date_gmt":"2020-03-31T00:36:21","guid":{"rendered":"https:\/\/www.dondecomer.com.mx\/mexico\/?page_id=866"},"modified":"2026-04-10T13:13:19","modified_gmt":"2026-04-10T19:13:19","slug":"covid19","status":"publish","type":"page","link":"https:\/\/www.dondecomer.com.mx\/mexico\/covid19\/","title":{"rendered":"EMERGENCIA COVID19 para Restaurantes y Negocios de Alimentos"},"content":{"rendered":"<div id=\"attachment_51\" style=\"width: 259px\" class=\"wp-caption aligncenter\"><img decoding=\"async\" aria-describedby=\"caption-attachment-51\" class=\"size-full wp-image-51 lazyload\" data-src=\"https:\/\/www.dondecomer.com.mx\/wp-content\/uploads\/2015\/08\/Logo-donde-comer.jpg\" alt=\"@dondecomermx\" width=\"249\" height=\"60\" src=\"data:image\/svg+xml;base64,PHN2ZyB3aWR0aD0iMSIgaGVpZ2h0PSIxIiB4bWxucz0iaHR0cDovL3d3dy53My5vcmcvMjAwMC9zdmciPjwvc3ZnPg==\" style=\"--smush-placeholder-width: 249px; --smush-placeholder-aspect-ratio: 249\/60;\" \/><p id=\"caption-attachment-51\" class=\"wp-caption-text\">Donde Comer M\u00e9xico<\/p><\/div>\n<p>&nbsp;<\/p>\n<p>En DONDECOMER.com.mx sabemos que la EMERGENCIA COVID19 (Coronavirus) ha da\u00f1ado mucho a la industria de Alimentos como los restaurantes, pasteler\u00edas, cafeter\u00edas y venta de alimentos.<\/p>\n<p>&nbsp;<\/p>\n<p>Donde Comer M\u00e9xico para apoyar a los negocios est\u00e1 ofreciendo a todos los negocios que tengan servicio de ENTREGA A DOMICILIO o de COMIDA PARA LLEVAR en esta contingencia el poder anunciarse sin costo.<\/p>\n<p><strong>Los negocios podr\u00e1n crear un anuncio anual completo gratuito en la ciudad donde se encuentre ofreciendo sus platillos y productos de esta temporada.<\/strong><\/p>\n<p>El anuncio es sencillo solo deben seleccionar la ciudad de la siguiente lista, entrar o registrarse como usuario <strong>y activar la membres\u00eda de <em><span style=\"text-decoration: underline;\">covid19<\/span><\/em><\/strong>.<\/p>\n<p>Seleccionar en el men\u00fa superior <strong>Dar de alta su anuncio<\/strong> y despu\u00e9s seleccionando la categor\u00eda entrega a domicilio o comida r\u00e1pida o para llevar y con el c\u00f3digo de descuento &#8221; covid19 &#8221; podr\u00e1 tener el descuento del 100% para su anuncio.<\/p>\n<p>&nbsp;<\/p>\n<p>CIUDADES<\/p>\n<table style=\"border-collapse: collapse; width: 100%; height: 168px;\">\n<tbody>\n<tr style=\"height: 24px;\">\n<td style=\"width: 376.333px; height: 24px; text-align: center;\"><a href=\"https:\/\/www.dondecomer.com.mx\/acapulco\/datos-de-membresia\/\" target=\"_blank\" rel=\"noopener noreferrer\"> ACAPULCO<\/a><\/td>\n<td style=\"width: 376.333px; height: 24px; text-align: center;\"><a href=\"https:\/\/www.dondecomer.com.mx\/cancun\/datos-de-membresia\/\" target=\"_blank\" rel=\"noopener noreferrer\">CANCUN Y RIVIERA MAYA<\/a><\/td>\n<td style=\"width: 376.333px; height: 24px; text-align: center;\"><a href=\"https:\/\/www.dondecomer.com.mx\/cuernavaca\/datos-de-membresia\/\" target=\"_blank\" rel=\"noopener noreferrer\">CUERNAVACA<\/a><\/td>\n<\/tr>\n<tr style=\"height: 24px;\">\n<td style=\"width: 376.333px; height: 24px; text-align: center;\"><a href=\"https:\/\/www.dondecomer.com.mx\/guadalajara\/datos-de-membresia\/\" target=\"_blank\" rel=\"noopener noreferrer\">GUADALAJARA<\/a><\/td>\n<td style=\"width: 376.333px; height: 24px; text-align: center;\"><a href=\"https:\/\/www.dondecomer.com.mx\/huatulco\/datos-de-membresia\/\" target=\"_blank\" rel=\"noopener noreferrer\">HUATULCO Y PTO. ESCONDIDO<\/a><\/td>\n<td style=\"width: 376.333px; height: 24px; text-align: center;\"><a href=\"https:\/\/www.dondecomer.com.mx\/leon\/datos-de-membresia\/\" target=\"_blank\" rel=\"noopener noreferrer\">LEON Y EL BAJIO<\/a><\/td>\n<\/tr>\n<tr style=\"height: 24px;\">\n<td style=\"width: 376.333px; height: 24px; text-align: center;\"><a href=\"https:\/\/www.dondecomer.com.mx\/loscabos\/datos-de-membresia\/\" target=\"_blank\" rel=\"noopener noreferrer\">LOS CABOS Y LA PAZ<\/a><\/td>\n<td style=\"width: 376.333px; height: 24px; text-align: center;\"><a href=\"https:\/\/www.dondecomer.com.mx\/merida\/datos-de-membresia\/\" target=\"_blank\" rel=\"noopener noreferrer\">MERIDA<\/a><\/td>\n<td style=\"width: 376.333px; height: 24px; text-align: center;\"><a href=\"https:\/\/www.dondecomer.com.mx\/mexico\/datos-de-membresia\/\" target=\"_blank\" rel=\"noopener noreferrer\">MEXICO Y ALREDEDORES<\/a><\/td>\n<\/tr>\n<tr style=\"height: 24px;\">\n<td style=\"width: 376.333px; height: 24px; text-align: center;\"><a href=\"https:\/\/www.dondecomer.com.mx\/monterrey\/datos-de-membresia\/\" target=\"_blank\" rel=\"noopener noreferrer\">MONTERREY<\/a><\/td>\n<td style=\"width: 376.333px; height: 24px; text-align: center;\"><a href=\"https:\/\/www.dondecomer.com.mx\/morelia\/datos-de-membresia\/\" target=\"_blank\" rel=\"noopener noreferrer\">MORELIA<\/a><\/td>\n<td style=\"width: 376.333px; height: 24px; text-align: center;\"><a href=\"https:\/\/www.dondecomer.com.mx\/pachuca\/datos-de-membresia\/\" target=\"_blank\" rel=\"noopener noreferrer\">PACHUCA<\/a><\/td>\n<\/tr>\n<tr style=\"height: 24px;\">\n<td style=\"width: 376.333px; height: 24px; text-align: center;\"><a href=\"https:\/\/www.dondecomer.com.mx\/puebla\/datos-de-membresia\/\" target=\"_blank\" rel=\"noopener noreferrer\">PUEBLA<\/a><\/td>\n<td style=\"width: 376.333px; height: 24px; text-align: center;\"><a href=\"https:\/\/www.dondecomer.com.mx\/vallarta\/datos-de-membresia\/\" target=\"_blank\" rel=\"noopener noreferrer\">PUERTO VALLARTA<\/a><\/td>\n<td style=\"width: 376.333px; height: 24px; text-align: center;\"><a href=\"https:\/\/www.dondecomer.com.mx\/queretaro\/datos-de-membresia\/\" target=\"_blank\" rel=\"noopener noreferrer\">QUERETARO<\/a><\/td>\n<\/tr>\n<tr style=\"height: 24px;\">\n<td style=\"width: 376.333px; height: 24px; text-align: center;\"><a href=\"https:\/\/www.dondecomer.com.mx\/tijuana\/datos-de-membresia\/\" target=\"_blank\" rel=\"noopener noreferrer\">TIJUANA<\/a><\/td>\n<td style=\"width: 376.333px; height: 24px; text-align: center;\"><a href=\"https:\/\/www.dondecomer.com.mx\/toluca\/datos-de-membresia\/\" target=\"_blank\" rel=\"noopener noreferrer\">TOLUCA Y METEPEC<\/a><\/td>\n<td style=\"width: 376.333px; height: 24px; text-align: center;\"><a href=\"https:\/\/www.dondecomer.com.mx\/usamerica\/datos-de-membresia\/\" target=\"_blank\" rel=\"noopener noreferrer\">US-AMERICA<\/a><\/td>\n<\/tr>\n<tr style=\"height: 24px;\">\n<td style=\"width: 376.333px; height: 24px; text-align: center;\"><a href=\"https:\/\/www.dondecomer.com.mx\/otrasciudades\/datos-de-membresia\/\" target=\"_blank\" rel=\"noopener noreferrer\">OTRAS CIUDADES<\/a><\/td>\n<td style=\"width: 376.333px; height: 24px; text-align: center;\"><\/td>\n<td style=\"width: 376.333px; height: 24px; text-align: center;\"><\/td>\n<\/tr>\n<\/tbody>\n<\/table>\n<div style=\"margin: 20px 0;\"><div class=\"qrcswholewtapper\" style=\"text-align:left;\"><div class=\"qrcprowrapper\"  id=\"qrcwraa2leds\"><div class=\"qrc_canvass\" id=\"qrc_cuttenpages_2\" style=\"display:inline-block\" data-text=\"https:\/\/www.dondecomer.com.mx\/mexico\/covid19\/\"><\/div><div><a download=\"EMERGENCIA COVID19 para Restaurantes y Negocios de Alimentos.png\" class=\"qrcdownloads\" id=\"worign\">\r\n           <button type=\"button\" style=\"min-width:200px;background:#dddddd;color:#000;font-weight: 600;border: 1px solid #dddddd;border-radius:4px;font-size:12px;padding: 6px 0;\" class=\"uqr_code_btn\">Download QR<\/button>\r\n           <\/a><\/div><\/div><\/div><\/div>","protected":false},"excerpt":{"rendered":"<p>&nbsp; En DONDECOMER.com.mx sabemos que la EMERGENCIA COVID19 (Coronavirus) ha da\u00f1ado mucho a la industria de Alimentos como los restaurantes, pasteler\u00edas, cafeter\u00edas y venta de alimentos. &nbsp; Donde Comer M\u00e9xico para apoyar a los negocios est\u00e1 ofreciendo a todos los negocios que tengan servicio de ENTREGA A DOMICILIO o de COMIDA PARA LLEVAR en esta [&hellip;]<\/p>\n","protected":false},"author":1,"featured_media":0,"parent":0,"menu_order":0,"comment_status":"closed","ping_status":"closed","template":"","meta":{"_et_pb_use_builder":"","_et_pb_old_content":"","_et_gb_content_width":"","pmpro_default_level":"","footnotes":""},"class_list":["post-866","page","type-page","status-publish","hentry","pmpro-has-access"],"_links":{"self":[{"href":"https:\/\/www.dondecomer.com.mx\/mexico\/wp-json\/wp\/v2\/pages\/866","targetHints":{"allow":["GET"]}}],"collection":[{"href":"https:\/\/www.dondecomer.com.mx\/mexico\/wp-json\/wp\/v2\/pages"}],"about":[{"href":"https:\/\/www.dondecomer.com.mx\/mexico\/wp-json\/wp\/v2\/types\/page"}],"author":[{"embeddable":true,"href":"https:\/\/www.dondecomer.com.mx\/mexico\/wp-json\/wp\/v2\/users\/1"}],"replies":[{"embeddable":true,"href":"https:\/\/www.dondecomer.com.mx\/mexico\/wp-json\/wp\/v2\/comments?post=866"}],"version-history":[{"count":0,"href":"https:\/\/www.dondecomer.com.mx\/mexico\/wp-json\/wp\/v2\/pages\/866\/revisions"}],"wp:attachment":[{"href":"https:\/\/www.dondecomer.com.mx\/mexico\/wp-json\/wp\/v2\/media?parent=866"}],"curies":[{"name":"wp","href":"https:\/\/api.w.org\/{rel}","templated":true}]}}