{"id":32,"date":"2015-08-25T02:49:50","date_gmt":"2015-08-25T02:49:50","guid":{"rendered":"http:\/\/www.dondecomer.com.mx\/queretaro\/membership-account\/niveles-de-membresia\/"},"modified":"2017-07-15T13:15:25","modified_gmt":"2017-07-15T19:15:25","slug":"niveles-de-membresia","status":"publish","type":"page","link":"https:\/\/www.dondecomer.com.mx\/queretaro\/datos-de-membresia\/niveles-de-membresia\/","title":{"rendered":"Niveles de Membres\u00eda"},"content":{"rendered":"<p>Aqui podr\u00e1s adquirir las membresias que se ajuste a tus necesidades,<\/p>\n<p>&nbsp;<\/p>\n<p>PROMO VERANO son 20 anuncios gratis por un a\u00f1o, la promoci\u00f3n dura hasta el fin del verano (23 de septiembre)<\/p>\n<p>El plan 50 te permite manejar 50 anuncios durante un mes.<\/p>\n<p>El plan 100 te permite manejar 100 anuncios durante un a\u00f1o.<\/p>\n<p>Para m\u00faltiples anuncios contactar a <a href=\"mailto:anuncios@dondecomer.com.mx\">anuncios@dondecomer.com.mx<\/a><\/p>\n<p>o en la p\u00e1gina de <a href=\"http:\/\/www.dondecomer.com.mx\/queretaro\/contactos\/\">Contactos<\/a> de la Ciudad.<\/p>\n<p>[pmpro_levels]<\/p>\n<div style=\"margin: 20px 0;\"><div class=\"qrcswholewtapper\" style=\"text-align:left;\"><div class=\"qrcprowrapper\"  id=\"qrcwraa2leds\"><div class=\"qrc_canvass\" id=\"qrc_cuttenpages_2\" style=\"display:inline-block\" data-text=\"https:\/\/www.dondecomer.com.mx\/queretaro\/datos-de-membresia\/niveles-de-membresia\/\"><\/div><div><a download=\"Niveles de Membres\u00eda.png\" class=\"qrcdownloads\" id=\"worign\">\r\n           <button type=\"button\" style=\"min-width:200px;background:#dddddd;color:#000;font-weight: 600;border: 1px solid #dddddd;border-radius:4px;font-size:12px;padding: 6px 0;\" class=\"uqr_code_btn\">Download QR<\/button>\r\n           <\/a><\/div><\/div><\/div><\/div>","protected":false},"excerpt":{"rendered":"<p>Aqui podr\u00e1s adquirir las membresias que se ajuste a tus necesidades, &nbsp; PROMO VERANO son 20 anuncios gratis por un a\u00f1o, la promoci\u00f3n dura hasta el fin del verano (23 de septiembre) El plan 50 te permite manejar 50 anuncios durante un mes. El plan 100 te permite manejar 100 anuncios durante un a\u00f1o. Para [&hellip;]<\/p>\n","protected":false},"author":1,"featured_media":0,"parent":26,"menu_order":0,"comment_status":"closed","ping_status":"closed","template":"","meta":{"_et_pb_use_builder":"","_et_pb_old_content":"","_et_gb_content_width":"","pmpro_default_level":"","footnotes":""},"class_list":["post-32","page","type-page","status-publish","hentry","pmpro-has-access"],"_links":{"self":[{"href":"https:\/\/www.dondecomer.com.mx\/queretaro\/wp-json\/wp\/v2\/pages\/32","targetHints":{"allow":["GET"]}}],"collection":[{"href":"https:\/\/www.dondecomer.com.mx\/queretaro\/wp-json\/wp\/v2\/pages"}],"about":[{"href":"https:\/\/www.dondecomer.com.mx\/queretaro\/wp-json\/wp\/v2\/types\/page"}],"author":[{"embeddable":true,"href":"https:\/\/www.dondecomer.com.mx\/queretaro\/wp-json\/wp\/v2\/users\/1"}],"replies":[{"embeddable":true,"href":"https:\/\/www.dondecomer.com.mx\/queretaro\/wp-json\/wp\/v2\/comments?post=32"}],"version-history":[{"count":0,"href":"https:\/\/www.dondecomer.com.mx\/queretaro\/wp-json\/wp\/v2\/pages\/32\/revisions"}],"up":[{"embeddable":true,"href":"https:\/\/www.dondecomer.com.mx\/queretaro\/wp-json\/wp\/v2\/pages\/26"}],"wp:attachment":[{"href":"https:\/\/www.dondecomer.com.mx\/queretaro\/wp-json\/wp\/v2\/media?parent=32"}],"curies":[{"name":"wp","href":"https:\/\/api.w.org\/{rel}","templated":true}]}}